{"id":1229,"date":"2022-07-26T13:44:46","date_gmt":"2022-07-26T13:44:46","guid":{"rendered":"https:\/\/ebbe.modeltheme.com\/?page_id=1229"},"modified":"2025-08-18T10:33:30","modified_gmt":"2025-08-18T10:33:30","slug":"kontakt","status":"publish","type":"page","link":"https:\/\/gs-railservice.de\/en\/kontakt\/","title":{"rendered":"Kontakt"},"content":{"rendered":"\t\t<div data-elementor-type=\"wp-page\" data-elementor-id=\"1229\" class=\"elementor elementor-1229\" data-elementor-post-type=\"page\">\n\t\t\t\t\t\t<section class=\"elementor-section elementor-top-section elementor-element elementor-element-736fc3b elementor-section-stretched elementor-section-full_width elementor-section-height-default elementor-section-height-default\" data-id=\"736fc3b\" data-element_type=\"section\" data-e-type=\"section\" data-settings=\"{&quot;stretch_section&quot;:&quot;section-stretched&quot;}\">\n\t\t\t\t\t\t<div class=\"elementor-container elementor-column-gap-default\">\n\t\t\t\t\t<div class=\"elementor-column elementor-col-100 elementor-top-column elementor-element elementor-element-eae23be\" data-id=\"eae23be\" data-element_type=\"column\" data-e-type=\"column\">\n\t\t\t<div class=\"elementor-widget-wrap elementor-element-populated\">\n\t\t\t\t\t\t<div class=\"elementor-element elementor-element-e6c3ed8 elementor-widget elementor-widget-google_maps\" data-id=\"e6c3ed8\" data-element_type=\"widget\" data-e-type=\"widget\" data-widget_type=\"google_maps.default\">\n\t\t\t\t<div class=\"elementor-widget-container\">\n\t\t\t\t\t\t\t<div class=\"elementor-custom-embed\">\n\t\t\t<iframe loading=\"lazy\"\n\t\t\t\t\tsrc=\"https:\/\/maps.google.com\/maps?q=Hohenzollernring%2057%2050672%20K%C3%B6ln&#038;t=m&#038;z=10&#038;output=embed&#038;iwloc=near\"\n\t\t\t\t\ttitle=\"Hohenzollernring 57 50672 K\u00f6ln\"\n\t\t\t\t\taria-label=\"Hohenzollernring 57 50672 K\u00f6ln\"\n\t\t\t><\/iframe>\n\t\t<\/div>\n\t\t\t\t\t\t<\/div>\n\t\t\t\t<\/div>\n\t\t\t\t\t<\/div>\n\t\t<\/div>\n\t\t\t\t\t<\/div>\n\t\t<\/section>\n\t\t\t\t<section class=\"elementor-section elementor-top-section elementor-element elementor-element-b47714f elementor-section-stretched elementor-section-boxed elementor-section-height-default elementor-section-height-default\" data-id=\"b47714f\" data-element_type=\"section\" data-e-type=\"section\" data-settings=\"{&quot;stretch_section&quot;:&quot;section-stretched&quot;}\">\n\t\t\t\t\t\t\t<div class=\"elementor-background-overlay\"><\/div>\n\t\t\t\t\t\t\t<div class=\"elementor-container elementor-column-gap-default\">\n\t\t\t\t\t<div class=\"elementor-column elementor-col-100 elementor-top-column elementor-element elementor-element-731aa27\" data-id=\"731aa27\" data-element_type=\"column\" data-e-type=\"column\" data-settings=\"{&quot;background_background&quot;:&quot;classic&quot;}\">\n\t\t\t<div class=\"elementor-widget-wrap elementor-element-populated\">\n\t\t\t\t\t\t<section class=\"elementor-section elementor-inner-section elementor-element elementor-element-dc276b4 elementor-section-boxed elementor-section-height-default elementor-section-height-default\" data-id=\"dc276b4\" data-element_type=\"section\" data-e-type=\"section\">\n\t\t\t\t\t\t<div class=\"elementor-container elementor-column-gap-default\">\n\t\t\t\t\t<div class=\"elementor-column elementor-col-20 elementor-inner-column elementor-element elementor-element-60ff858\" data-id=\"60ff858\" data-element_type=\"column\" data-e-type=\"column\">\n\t\t\t<div class=\"elementor-widget-wrap elementor-element-populated\">\n\t\t\t\t\t\t<div class=\"elementor-element elementor-element-25a2903 elementor-widget elementor-widget-mt-spacer\" data-id=\"25a2903\" data-element_type=\"widget\" data-e-type=\"widget\" data-widget_type=\"mt-spacer.default\">\n\t\t\t\t<div class=\"elementor-widget-container\">\n\t\t\t\t\t    <div class=\"mt-addons-flexible-spacer \">\r\n      <div class=\"mt-addons-empty-spacer-desktop\" style=\"height: 12px;\"><\/div>\r\n      <div class=\"mt-addons-empty-spacer-mobile\" style=\"height: px;\"><\/div>\r\n      <div class=\"mt-addons-empty-spacer-tablet\" style=\"height: px;\"><\/div>\r\n    <\/div>\r\n   \r\n    \t\t\t\t<\/div>\n\t\t\t\t<\/div>\n\t\t\t\t<div class=\"elementor-element elementor-element-d2ba3fc elementor-widget elementor-widget-icon-with-text\" data-id=\"d2ba3fc\" data-element_type=\"widget\" data-e-type=\"widget\" data-widget_type=\"icon-with-text.default\">\n\t\t\t\t<div class=\"elementor-widget-container\">\n\t\t\t\t\t  <div style=\";;\" class=\"mt-icon-listgroup-item wow   text-center \">\r\n      <div class=\"mt-icon-listgroup-holder mt-addons-top_content\" >\r\n\r\n        <div class=\"mt-icon-listgroup-icon-holder-inner \" >\r\n                                                            <a href=\"\" target=\"_blank\" rel=\"\">\r\n              <span style=\"font-size:40px;color:;background:\" \r\n                class=\"fas fa-map-marker-alt\">\r\n              <\/span>\r\n            <\/a>\r\n                  <\/div>\r\n        <div class=\"mt-icon-listgroup-content-holder-inner\" >\r\n          <p class=\"mt-icon-listgroup-title\"><a href=\"\" target=\"_blank\" rel=\"\" style=\"color:#111111;\"><\/a>\r\n          <\/p>\r\n                  <\/div>\r\n      <\/div>\r\n   <\/div>\r\n     \t\t\t\t<\/div>\n\t\t\t\t<\/div>\n\t\t\t\t<div class=\"elementor-element elementor-element-72d59cc elementor-widget elementor-widget-mt-spacer\" data-id=\"72d59cc\" data-element_type=\"widget\" data-e-type=\"widget\" data-widget_type=\"mt-spacer.default\">\n\t\t\t\t<div class=\"elementor-widget-container\">\n\t\t\t\t\t    <div class=\"mt-addons-flexible-spacer \">\r\n      <div class=\"mt-addons-empty-spacer-desktop\" style=\"height: 15px;\"><\/div>\r\n      <div class=\"mt-addons-empty-spacer-mobile\" style=\"height: 10px;\"><\/div>\r\n      <div class=\"mt-addons-empty-spacer-tablet\" style=\"height: 10px;\"><\/div>\r\n    <\/div>\r\n   \r\n    \t\t\t\t<\/div>\n\t\t\t\t<\/div>\n\t\t\t\t<div class=\"elementor-element elementor-element-59e5d5f elementor-widget elementor-widget-text-editor\" data-id=\"59e5d5f\" data-element_type=\"widget\" data-e-type=\"widget\" data-widget_type=\"text-editor.default\">\n\t\t\t\t<div class=\"elementor-widget-container\">\n\t\t\t\t\t\t\t\t\t<p><i>Hohenzollernring 57<br \/><\/i>50672 K\u00f6ln<br \/>Deutschland<\/p>\t\t\t\t\t\t\t\t<\/div>\n\t\t\t\t<\/div>\n\t\t\t\t\t<\/div>\n\t\t<\/div>\n\t\t\t\t<div class=\"elementor-column elementor-col-20 elementor-inner-column elementor-element elementor-element-115bac4\" data-id=\"115bac4\" data-element_type=\"column\" data-e-type=\"column\">\n\t\t\t<div class=\"elementor-widget-wrap\">\n\t\t\t\t\t\t\t<\/div>\n\t\t<\/div>\n\t\t\t\t<div class=\"elementor-column elementor-col-20 elementor-inner-column elementor-element elementor-element-4a0495d\" data-id=\"4a0495d\" data-element_type=\"column\" data-e-type=\"column\" data-settings=\"{&quot;background_background&quot;:&quot;classic&quot;}\">\n\t\t\t<div class=\"elementor-widget-wrap elementor-element-populated\">\n\t\t\t\t\t\t<div class=\"elementor-element elementor-element-36a85b9 elementor-widget elementor-widget-mt-spacer\" data-id=\"36a85b9\" data-element_type=\"widget\" data-e-type=\"widget\" data-widget_type=\"mt-spacer.default\">\n\t\t\t\t<div class=\"elementor-widget-container\">\n\t\t\t\t\t    <div class=\"mt-addons-flexible-spacer \">\r\n      <div class=\"mt-addons-empty-spacer-desktop\" style=\"height: 12px;\"><\/div>\r\n      <div class=\"mt-addons-empty-spacer-mobile\" style=\"height: px;\"><\/div>\r\n      <div class=\"mt-addons-empty-spacer-tablet\" style=\"height: px;\"><\/div>\r\n    <\/div>\r\n   \r\n    \t\t\t\t<\/div>\n\t\t\t\t<\/div>\n\t\t\t\t<div class=\"elementor-element elementor-element-d619727 elementor-widget elementor-widget-icon-with-text\" data-id=\"d619727\" data-element_type=\"widget\" data-e-type=\"widget\" data-widget_type=\"icon-with-text.default\">\n\t\t\t\t<div class=\"elementor-widget-container\">\n\t\t\t\t\t  <div style=\";;\" class=\"mt-icon-listgroup-item wow   text-center \">\r\n      <div class=\"mt-icon-listgroup-holder mt-addons-top_content\" >\r\n\r\n        <div class=\"mt-icon-listgroup-icon-holder-inner \" >\r\n                                                            <a href=\"\" target=\"_blank\" rel=\"\">\r\n              <span style=\"font-size:60px;color:#FFFFFF;background:\" \r\n                class=\"fas fa-mail-bulk\">\r\n              <\/span>\r\n            <\/a>\r\n                  <\/div>\r\n        <div class=\"mt-icon-listgroup-content-holder-inner\" >\r\n          <p class=\"mt-icon-listgroup-title\"><a href=\"\" target=\"_blank\" rel=\"\" style=\"color:#111111;\"><\/a>\r\n          <\/p>\r\n                  <\/div>\r\n      <\/div>\r\n   <\/div>\r\n     \t\t\t\t<\/div>\n\t\t\t\t<\/div>\n\t\t\t\t<div class=\"elementor-element elementor-element-74da7b7 elementor-widget elementor-widget-mt-spacer\" data-id=\"74da7b7\" data-element_type=\"widget\" data-e-type=\"widget\" data-widget_type=\"mt-spacer.default\">\n\t\t\t\t<div class=\"elementor-widget-container\">\n\t\t\t\t\t    <div class=\"mt-addons-flexible-spacer \">\r\n      <div class=\"mt-addons-empty-spacer-desktop\" style=\"height: 15px;\"><\/div>\r\n      <div class=\"mt-addons-empty-spacer-mobile\" style=\"height: 10px;\"><\/div>\r\n      <div class=\"mt-addons-empty-spacer-tablet\" style=\"height: 10px;\"><\/div>\r\n    <\/div>\r\n   \r\n    \t\t\t\t<\/div>\n\t\t\t\t<\/div>\n\t\t\t\t<div class=\"elementor-element elementor-element-d05bc96 elementor-widget elementor-widget-text-editor\" data-id=\"d05bc96\" data-element_type=\"widget\" data-e-type=\"widget\" data-widget_type=\"text-editor.default\">\n\t\t\t\t<div class=\"elementor-widget-container\">\n\t\t\t\t\t\t\t\t\t<p>kontakt@gs-railservice.de<\/p>\t\t\t\t\t\t\t\t<\/div>\n\t\t\t\t<\/div>\n\t\t\t\t\t<\/div>\n\t\t<\/div>\n\t\t\t\t<div class=\"elementor-column elementor-col-20 elementor-inner-column elementor-element elementor-element-beb637b\" data-id=\"beb637b\" data-element_type=\"column\" data-e-type=\"column\">\n\t\t\t<div class=\"elementor-widget-wrap\">\n\t\t\t\t\t\t\t<\/div>\n\t\t<\/div>\n\t\t\t\t<div class=\"elementor-column elementor-col-20 elementor-inner-column elementor-element elementor-element-c7311ef\" data-id=\"c7311ef\" data-element_type=\"column\" data-e-type=\"column\">\n\t\t\t<div class=\"elementor-widget-wrap elementor-element-populated\">\n\t\t\t\t\t\t<div class=\"elementor-element elementor-element-bcc6934 elementor-widget elementor-widget-mt-spacer\" data-id=\"bcc6934\" data-element_type=\"widget\" data-e-type=\"widget\" data-widget_type=\"mt-spacer.default\">\n\t\t\t\t<div class=\"elementor-widget-container\">\n\t\t\t\t\t    <div class=\"mt-addons-flexible-spacer \">\r\n      <div class=\"mt-addons-empty-spacer-desktop\" style=\"height: 22px;\"><\/div>\r\n      <div class=\"mt-addons-empty-spacer-mobile\" style=\"height: px;\"><\/div>\r\n      <div class=\"mt-addons-empty-spacer-tablet\" style=\"height: px;\"><\/div>\r\n    <\/div>\r\n   \r\n    \t\t\t\t<\/div>\n\t\t\t\t<\/div>\n\t\t\t\t<div class=\"elementor-element elementor-element-d9578d4 elementor-widget elementor-widget-icon-with-text\" data-id=\"d9578d4\" data-element_type=\"widget\" data-e-type=\"widget\" data-widget_type=\"icon-with-text.default\">\n\t\t\t\t<div class=\"elementor-widget-container\">\n\t\t\t\t\t  <div style=\";;\" class=\"mt-icon-listgroup-item wow   text-center \">\r\n      <div class=\"mt-icon-listgroup-holder mt-addons-top_content\" >\r\n\r\n        <div class=\"mt-icon-listgroup-icon-holder-inner \" >\r\n                                                            <a href=\"\" target=\"_blank\" rel=\"\">\r\n              <span style=\"font-size:60px;color:;background:\" \r\n                class=\"fas fa-phone-alt\">\r\n              <\/span>\r\n            <\/a>\r\n                  <\/div>\r\n        <div class=\"mt-icon-listgroup-content-holder-inner\" >\r\n          <p class=\"mt-icon-listgroup-title\"><a href=\"\" target=\"_blank\" rel=\"\" style=\"color:#111111;\"><\/a>\r\n          <\/p>\r\n                  <\/div>\r\n      <\/div>\r\n   <\/div>\r\n     \t\t\t\t<\/div>\n\t\t\t\t<\/div>\n\t\t\t\t<div class=\"elementor-element elementor-element-58d9027 elementor-widget elementor-widget-mt-spacer\" data-id=\"58d9027\" data-element_type=\"widget\" data-e-type=\"widget\" data-widget_type=\"mt-spacer.default\">\n\t\t\t\t<div class=\"elementor-widget-container\">\n\t\t\t\t\t    <div class=\"mt-addons-flexible-spacer \">\r\n      <div class=\"mt-addons-empty-spacer-desktop\" style=\"height: 15px;\"><\/div>\r\n      <div class=\"mt-addons-empty-spacer-mobile\" style=\"height: 10px;\"><\/div>\r\n      <div class=\"mt-addons-empty-spacer-tablet\" style=\"height: 10px;\"><\/div>\r\n    <\/div>\r\n   \r\n    \t\t\t\t<\/div>\n\t\t\t\t<\/div>\n\t\t\t\t\t<\/div>\n\t\t<\/div>\n\t\t\t\t\t<\/div>\n\t\t<\/section>\n\t\t\t\t\t<\/div>\n\t\t<\/div>\n\t\t\t\t\t<\/div>\n\t\t<\/section>\n\t\t\t\t<section class=\"elementor-section elementor-top-section elementor-element elementor-element-577e941 elementor-section-boxed elementor-section-height-default elementor-section-height-default\" data-id=\"577e941\" data-element_type=\"section\" data-e-type=\"section\">\n\t\t\t\t\t\t<div class=\"elementor-container elementor-column-gap-default\">\n\t\t\t\t\t<div class=\"elementor-column elementor-col-33 elementor-top-column elementor-element elementor-element-42c805a\" data-id=\"42c805a\" data-element_type=\"column\" data-e-type=\"column\">\n\t\t\t<div class=\"elementor-widget-wrap elementor-element-populated\">\n\t\t\t\t\t\t<div class=\"elementor-element elementor-element-8eb015e elementor-widget elementor-widget-title-subtitle\" data-id=\"8eb015e\" data-element_type=\"widget\" data-e-type=\"widget\" data-widget_type=\"title-subtitle.default\">\n\t\t\t\t<div class=\"elementor-widget-container\">\n\t\t\t\t\t    <div  class=\"mt-addons-title-subtile \">\r\n      \r\n      \r\n      \r\n                           \r\n      <h2 class=\"mt-addons-title-section left\" style=\"color:;font-weight:600;font-size:28px;\">Eink\u00e4ufe im Shop &amp; Allgemeine Kontaktanfragen <span class=\"mt-underline-text curved\" style=\"color:;\"><\/span> <\/h2>\r\n\r\n                    \r\n          <\/div>\r\n\r\n    \t\t\t\t<\/div>\n\t\t\t\t<\/div>\n\t\t\t\t<div class=\"elementor-element elementor-element-c39c61e elementor-widget elementor-widget-text-editor\" data-id=\"c39c61e\" data-element_type=\"widget\" data-e-type=\"widget\" data-widget_type=\"text-editor.default\">\n\t\t\t\t<div class=\"elementor-widget-container\">\n\t\t\t\t\t\t\t\t\tHaben Sie Fragen oder ben\u00f6tigen Sie Unterst\u00fctzung? F\u00fcllen Sie das Formular aus, und wir werden uns so schnell wie m\u00f6glich bei Ihnen melden.\t\t\t\t\t\t\t\t<\/div>\n\t\t\t\t<\/div>\n\t\t\t\t<div class=\"elementor-element elementor-element-e64f70e elementor-widget elementor-widget-image\" data-id=\"e64f70e\" data-element_type=\"widget\" data-e-type=\"widget\" data-widget_type=\"image.default\">\n\t\t\t\t<div class=\"elementor-widget-container\">\n\t\t\t\t\t\t\t\t\t\t\t\t\t\t\t<img fetchpriority=\"high\" decoding=\"async\" width=\"450\" height=\"450\" src=\"https:\/\/gs-railservice.de\/wp-content\/uploads\/2025\/01\/sh24_Modul_Jolywood_450W_Palette.jpg\" class=\"attachment-full size-full wp-image-14374\" alt=\"\" srcset=\"https:\/\/gs-railservice.de\/wp-content\/uploads\/2025\/01\/sh24_Modul_Jolywood_450W_Palette.jpg 450w, https:\/\/gs-railservice.de\/wp-content\/uploads\/2025\/01\/sh24_Modul_Jolywood_450W_Palette-300x300.jpg 300w, https:\/\/gs-railservice.de\/wp-content\/uploads\/2025\/01\/sh24_Modul_Jolywood_450W_Palette-150x150.jpg 150w, https:\/\/gs-railservice.de\/wp-content\/uploads\/2025\/01\/sh24_Modul_Jolywood_450W_Palette-70x70.jpg 70w, https:\/\/gs-railservice.de\/wp-content\/uploads\/2025\/01\/sh24_Modul_Jolywood_450W_Palette-100x100.jpg 100w, https:\/\/gs-railservice.de\/wp-content\/uploads\/2025\/01\/sh24_Modul_Jolywood_450W_Palette-400x400.jpg 400w, https:\/\/gs-railservice.de\/wp-content\/uploads\/2025\/01\/sh24_Modul_Jolywood_450W_Palette-12x12.jpg 12w, https:\/\/gs-railservice.de\/wp-content\/uploads\/2025\/01\/sh24_Modul_Jolywood_450W_Palette-200x200.jpg 200w\" sizes=\"(max-width: 450px) 100vw, 450px\" \/>\t\t\t\t\t\t\t\t\t\t\t\t\t\t\t<\/div>\n\t\t\t\t<\/div>\n\t\t\t\t<div class=\"elementor-element elementor-element-a529d04 elementor-widget elementor-widget-mt-spacer\" data-id=\"a529d04\" data-element_type=\"widget\" data-e-type=\"widget\" data-widget_type=\"mt-spacer.default\">\n\t\t\t\t<div class=\"elementor-widget-container\">\n\t\t\t\t\t    <div class=\"mt-addons-flexible-spacer \">\r\n      <div class=\"mt-addons-empty-spacer-desktop\" style=\"height: 15px;\"><\/div>\r\n      <div class=\"mt-addons-empty-spacer-mobile\" style=\"height: px;\"><\/div>\r\n      <div class=\"mt-addons-empty-spacer-tablet\" style=\"height: px;\"><\/div>\r\n    <\/div>\r\n   \r\n    \t\t\t\t<\/div>\n\t\t\t\t<\/div>\n\t\t\t\t\t<\/div>\n\t\t<\/div>\n\t\t\t\t<div class=\"elementor-column elementor-col-66 elementor-top-column elementor-element elementor-element-c58835a\" data-id=\"c58835a\" data-element_type=\"column\" data-e-type=\"column\">\n\t\t\t<div class=\"elementor-widget-wrap elementor-element-populated\">\n\t\t\t\t\t\t<div class=\"elementor-element elementor-element-e974b65 elementor-widget elementor-widget-mt-spacer\" data-id=\"e974b65\" data-element_type=\"widget\" data-e-type=\"widget\" data-widget_type=\"mt-spacer.default\">\n\t\t\t\t<div class=\"elementor-widget-container\">\n\t\t\t\t\t    <div class=\"mt-addons-flexible-spacer \">\r\n      <div class=\"mt-addons-empty-spacer-desktop\" style=\"height: 20px;\"><\/div>\r\n      <div class=\"mt-addons-empty-spacer-mobile\" style=\"height: px;\"><\/div>\r\n      <div class=\"mt-addons-empty-spacer-tablet\" style=\"height: px;\"><\/div>\r\n    <\/div>\r\n   \r\n    \t\t\t\t<\/div>\n\t\t\t\t<\/div>\n\t\t\t\t<div class=\"elementor-element elementor-element-8060b61 elementor-button-align-start elementor-widget elementor-widget-form\" data-id=\"8060b61\" data-element_type=\"widget\" data-e-type=\"widget\" data-settings=\"{&quot;step_next_label&quot;:&quot;Next&quot;,&quot;step_previous_label&quot;:&quot;Previous&quot;,&quot;button_width&quot;:&quot;100&quot;,&quot;step_type&quot;:&quot;number_text&quot;,&quot;step_icon_shape&quot;:&quot;circle&quot;}\" data-widget_type=\"form.default\">\n\t\t\t\t<div class=\"elementor-widget-container\">\n\t\t\t\t\t\t\t<form class=\"elementor-form\" method=\"post\" name=\"New Form\" novalidate=\"\">\n\t\t\t<input type=\"hidden\" name=\"post_id\" value=\"1229\"\/>\n\t\t\t<input type=\"hidden\" name=\"form_id\" value=\"8060b61\"\/>\n\t\t\t<input type=\"hidden\" name=\"referer_title\" value=\"\" \/>\n\n\t\t\t\n\t\t\t<div class=\"elementor-form-fields-wrapper elementor-labels-above\">\n\t\t\t\t\t\t\t\t<div class=\"elementor-field-type-text elementor-field-group elementor-column elementor-field-group-name elementor-col-50\">\n\t\t\t\t\t\t\t\t\t\t\t\t<label for=\"form-field-name\" class=\"elementor-field-label\">\n\t\t\t\t\t\t\t\tVorname\t\t\t\t\t\t\t<\/label>\n\t\t\t\t\t\t\t\t\t\t\t\t\t\t<input size=\"1\" type=\"text\" name=\"form_fields[name]\" id=\"form-field-name\" class=\"elementor-field elementor-size-sm  elementor-field-textual\" placeholder=\"Vorname\">\n\t\t\t\t\t\t\t\t\t\t\t<\/div>\n\t\t\t\t\t\t\t\t<div class=\"elementor-field-type-text elementor-field-group elementor-column elementor-field-group-field_9ef74f5 elementor-col-50\">\n\t\t\t\t\t\t\t\t\t\t\t\t<label for=\"form-field-field_9ef74f5\" class=\"elementor-field-label\">\n\t\t\t\t\t\t\t\tNachname\t\t\t\t\t\t\t<\/label>\n\t\t\t\t\t\t\t\t\t\t\t\t\t\t<input size=\"1\" type=\"text\" name=\"form_fields[field_9ef74f5]\" id=\"form-field-field_9ef74f5\" class=\"elementor-field elementor-size-sm  elementor-field-textual\" placeholder=\"Nachname\">\n\t\t\t\t\t\t\t\t\t\t\t<\/div>\n\t\t\t\t\t\t\t\t<div class=\"elementor-field-type-email elementor-field-group elementor-column elementor-field-group-email elementor-col-100 elementor-field-required\">\n\t\t\t\t\t\t\t\t\t\t\t\t<label for=\"form-field-email\" class=\"elementor-field-label\">\n\t\t\t\t\t\t\t\tE-Mail\t\t\t\t\t\t\t<\/label>\n\t\t\t\t\t\t\t\t\t\t\t\t\t\t<input size=\"1\" type=\"email\" name=\"form_fields[email]\" id=\"form-field-email\" class=\"elementor-field elementor-size-sm  elementor-field-textual\" placeholder=\"E-Mail\" required=\"required\" aria-required=\"true\">\n\t\t\t\t\t\t\t\t\t\t\t<\/div>\n\t\t\t\t\t\t\t\t<div class=\"elementor-field-type-textarea elementor-field-group elementor-column elementor-field-group-message elementor-col-100\">\n\t\t\t\t\t\t\t\t\t\t\t\t<label for=\"form-field-message\" class=\"elementor-field-label\">\n\t\t\t\t\t\t\t\tNachricht\t\t\t\t\t\t\t<\/label>\n\t\t\t\t\t\t<textarea class=\"elementor-field-textual elementor-field  elementor-size-sm\" name=\"form_fields[message]\" id=\"form-field-message\" rows=\"4\" placeholder=\"Deine Nachricht\"><\/textarea>\t\t\t\t<\/div>\n\t\t\t\t\t\t\t\t<div class=\"elementor-field-group elementor-column elementor-field-type-submit elementor-col-100 e-form__buttons\">\n\t\t\t\t\t<button class=\"elementor-button elementor-size-sm\" type=\"submit\">\n\t\t\t\t\t\t<span class=\"elementor-button-content-wrapper\">\n\t\t\t\t\t\t\t\t\t\t\t\t\t\t\t\t\t\t\t\t\t\t<span class=\"elementor-button-text\">Senden<\/span>\n\t\t\t\t\t\t\t\t\t\t\t\t\t<\/span>\n\t\t\t\t\t<\/button>\n\t\t\t\t<\/div>\n\t\t\t<\/div>\n\t\t<\/form>\n\t\t\t\t\t\t<\/div>\n\t\t\t\t<\/div>\n\t\t\t\t\t<\/div>\n\t\t<\/div>\n\t\t\t\t\t<\/div>\n\t\t<\/section>\n\t\t\t\t<\/div>\n\t\t","protected":false},"excerpt":{"rendered":"<p>Hohenzollernring 5750672 K\u00f6lnDeutschland kontakt@gs-railservice.de Eink\u00e4ufe im Shop &amp; Allgemeine Kontaktanfragen Haben Sie Fragen oder ben\u00f6tigen Sie Unterst\u00fctzung? F\u00fcllen Sie das Formular aus, und wir werden uns so schnell wie m\u00f6glich bei Ihnen melden.<\/p>","protected":false},"author":1,"featured_media":0,"parent":0,"menu_order":0,"comment_status":"closed","ping_status":"closed","template":"","meta":{"footnotes":""},"class_list":["post-1229","page","type-page","status-publish","hentry"],"_links":{"self":[{"href":"https:\/\/gs-railservice.de\/en\/wp-json\/wp\/v2\/pages\/1229","targetHints":{"allow":["GET"]}}],"collection":[{"href":"https:\/\/gs-railservice.de\/en\/wp-json\/wp\/v2\/pages"}],"about":[{"href":"https:\/\/gs-railservice.de\/en\/wp-json\/wp\/v2\/types\/page"}],"author":[{"embeddable":true,"href":"https:\/\/gs-railservice.de\/en\/wp-json\/wp\/v2\/users\/1"}],"replies":[{"embeddable":true,"href":"https:\/\/gs-railservice.de\/en\/wp-json\/wp\/v2\/comments?post=1229"}],"version-history":[{"count":3,"href":"https:\/\/gs-railservice.de\/en\/wp-json\/wp\/v2\/pages\/1229\/revisions"}],"predecessor-version":[{"id":14456,"href":"https:\/\/gs-railservice.de\/en\/wp-json\/wp\/v2\/pages\/1229\/revisions\/14456"}],"wp:attachment":[{"href":"https:\/\/gs-railservice.de\/en\/wp-json\/wp\/v2\/media?parent=1229"}],"curies":[{"name":"wp","href":"https:\/\/api.w.org\/{rel}","templated":true}]}}