{"id":14026,"date":"2024-12-04T09:07:21","date_gmt":"2024-12-04T09:07:21","guid":{"rendered":"https:\/\/gs-railservice.de\/?page_id=14026"},"modified":"2025-08-18T11:23:03","modified_gmt":"2025-08-18T11:23:03","slug":"impressum-2","status":"publish","type":"page","link":"https:\/\/gs-railservice.de\/en\/impressum-2\/","title":{"rendered":"Impressum"},"content":{"rendered":"<div data-elementor-type=\"wp-page\" data-elementor-id=\"14026\" class=\"elementor elementor-14026\" data-elementor-post-type=\"page\">\n\t\t\t\t\t\t<section class=\"elementor-section elementor-top-section elementor-element elementor-element-4152579 elementor-section-boxed elementor-section-height-default elementor-section-height-default\" data-id=\"4152579\" data-element_type=\"section\" data-e-type=\"section\">\n\t\t\t\t\t\t<div class=\"elementor-container elementor-column-gap-default\">\n\t\t\t\t\t<div class=\"elementor-column elementor-col-50 elementor-top-column elementor-element elementor-element-2b43b4d\" data-id=\"2b43b4d\" data-element_type=\"column\" data-e-type=\"column\">\n\t\t\t<div class=\"elementor-widget-wrap elementor-element-populated\">\n\t\t\t\t\t\t<div class=\"elementor-element elementor-element-1dc0bee elementor-widget elementor-widget-woocommerce-breadcrumb\" data-id=\"1dc0bee\" data-element_type=\"widget\" data-e-type=\"widget\" data-widget_type=\"woocommerce-breadcrumb.default\">\n\t\t\t\t<div class=\"elementor-widget-container\">\n\t\t\t\t\t<nav class=\"woocommerce-breadcrumb\" aria-label=\"Breadcrumb\" data-no-translation=\"\" data-trp-gettext=\"\">Home<\/nav>\t\t\t\t<\/div>\n\t\t\t\t<\/div>\n\t\t\t\t\t<\/div>\n\t\t<\/div>\n\t\t\t\t<div class=\"elementor-column elementor-col-50 elementor-top-column elementor-element elementor-element-3ddcfe1\" data-id=\"3ddcfe1\" data-element_type=\"column\" data-e-type=\"column\">\n\t\t\t<div class=\"elementor-widget-wrap\">\n\t\t\t\t\t\t\t<\/div>\n\t\t<\/div>\n\t\t\t\t\t<\/div>\n\t\t<\/section>\n\t\t\t\t<section class=\"elementor-section elementor-top-section elementor-element elementor-element-fb96792 elementor-section-full_width elementor-section-height-default elementor-section-height-default\" data-id=\"fb96792\" data-element_type=\"section\" data-e-type=\"section\">\n\t\t\t\t\t\t<div class=\"elementor-container elementor-column-gap-default\">\n\t\t\t\t\t<div class=\"elementor-column elementor-col-100 elementor-top-column elementor-element elementor-element-05adfb8\" data-id=\"05adfb8\" data-element_type=\"column\" data-e-type=\"column\">\n\t\t\t<div class=\"elementor-widget-wrap elementor-element-populated\">\n\t\t\t\t\t\t<section class=\"elementor-section elementor-inner-section elementor-element elementor-element-c2139bd elementor-section-boxed elementor-section-height-default elementor-section-height-default\" data-id=\"c2139bd\" data-element_type=\"section\" data-e-type=\"section\">\n\t\t\t\t\t\t<div class=\"elementor-container elementor-column-gap-default\">\n\t\t\t\t\t<div class=\"elementor-column elementor-col-100 elementor-inner-column elementor-element elementor-element-2cb0ad9\" data-id=\"2cb0ad9\" data-element_type=\"column\" data-e-type=\"column\">\n\t\t\t<div class=\"elementor-widget-wrap elementor-element-populated\">\n\t\t\t\t\t\t<div class=\"elementor-element elementor-element-4809ae7 elementor-widget elementor-widget-heading\" data-id=\"4809ae7\" data-element_type=\"widget\" data-e-type=\"widget\" data-widget_type=\"heading.default\">\n\t\t\t\t<div class=\"elementor-widget-container\">\n\t\t\t\t\t<h2 class=\"elementor-heading-title elementor-size-default\">Impressum<\/h2>\t\t\t\t<\/div>\n\t\t\t\t<\/div>\n\t\t\t\t<div class=\"elementor-element elementor-element-18dd2a9 elementor-widget elementor-widget-text-editor\" data-id=\"18dd2a9\" data-element_type=\"widget\" data-e-type=\"widget\" data-widget_type=\"text-editor.default\">\n\t\t\t\t<div class=\"elementor-widget-container\">\n\t\t\t\t\t\t\t\t\t<p><strong>Angaben gem\u00e4\u00df \u00a7 5 TMG (Telemediengesetz)<\/strong><\/p><div><strong>GS Railservice GmbH\u00a0<\/strong><\/div><div class=\"default-style\">Hohenzollernring 57<\/div><div class=\"default-style\">50672 K\u00f6ln<\/div><div class=\"default-style\">Deutschland<\/div><p><strong>Vertreten durch:<\/strong><br \/>Kevin Friedl<\/p><p><strong>Kontakt:<\/strong><\/p><p>E-Mail: kontakt@gs-railservice.de<br \/>Website: www.gs-railservice.de<\/p><p><strong>Umsatzsteuer-ID:<\/strong><br \/>USt-IdNr.: DE350621927<\/p><p><strong>Handelsregister:<\/strong><br \/>Eintrag im Handelsregister: unter der<br \/>Handelsregisternummer: HRB 118434<\/p><p><strong>Haftungsausschluss (Disclaimer):<\/strong><\/p><p>Die Inhalte dieser Webseite werden mit gr\u00f6\u00dftm\u00f6glicher Sorgfalt erstellt. Dennoch \u00fcbernimmt der Betreiber keine Gew\u00e4hr f\u00fcr die Vollst\u00e4ndigkeit, Richtigkeit und Aktualit\u00e4t der bereitgestellten Inhalte. Jegliche Haftung f\u00fcr Sch\u00e4den, die direkt oder indirekt aus der Nutzung dieser Webseite entstehen, wird ausgeschlossen, soweit diese nicht auf Vorsatz oder grober Fahrl\u00e4ssigkeit beruhen.<\/p><p><strong>Urheberrecht:<\/strong><br \/>Die auf dieser Webseite ver\u00f6ffentlichten Inhalte und Werke unterliegen dem deutschen Urheberrecht. Die Vervielf\u00e4ltigung, Bearbeitung, Verbreitung und jede Art der Verwertung au\u00dferhalb der Grenzen des Urheberrechts bed\u00fcrfen der schriftlichen Zustimmung des jeweiligen Autors bzw. Erstellers. Downloads und Kopien dieser Seite sind nur f\u00fcr den privaten, nicht kommerziellen Gebrauch gestattet.<\/p><p><strong>Streitschlichtung:<\/strong><br \/>Die Europ\u00e4ische Kommission stellt eine Plattform zur Online-Streitbeilegung (OS-Plattform) bereit. Diese ist unter folgendem Link erreichbar: <a href=\"https:\/\/ec.europa.eu\/consumers\/odr\/\" target=\"_new\" rel=\"noopener\">https:\/\/ec.europa.eu\/consumers\/odr\/<\/a>.<\/p><p>Wir sind nicht bereit oder verpflichtet, an Streitbeilegungsverfahren vor einer Verbraucherschlichtungsstelle teilzunehmen.<\/p>\t\t\t\t\t\t\t\t<\/div>\n\t\t\t\t<\/div>\n\t\t\t\t\t<\/div>\n\t\t<\/div>\n\t\t\t\t\t<\/div>\n\t\t<\/section>\n\t\t\t\t\t<\/div>\n\t\t<\/div>\n\t\t\t\t\t<\/div>\n\t\t<\/section>\n\t\t\t\t<\/div>","protected":false},"excerpt":{"rendered":"<p>Impressum Angaben gem\u00e4\u00df \u00a7 5 TMG (Telemediengesetz) GS Railservice GmbH\u00a0Hohenzollernring 5750672 K\u00f6lnDeutschland Vertreten durch:Kevin Friedl Kontakt: E-Mail: kontakt@gs-railservice.deWebsite: www.gs-railservice.de Umsatzsteuer-ID:USt-IdNr.: DE350621927 Handelsregister:Eintrag im Handelsregister: unter derHandelsregisternummer: HRB 118434 Haftungsausschluss (Disclaimer): Die Inhalte dieser Webseite werden mit gr\u00f6\u00dftm\u00f6glicher Sorgfalt erstellt. Dennoch \u00fcbernimmt der Betreiber keine Gew\u00e4hr f\u00fcr die Vollst\u00e4ndigkeit, Richtigkeit und Aktualit\u00e4t der bereitgestellten Inhalte. Jegliche [&hellip;]<\/p>\n","protected":false},"author":1,"featured_media":0,"parent":0,"menu_order":0,"comment_status":"closed","ping_status":"closed","template":"elementor_header_footer","meta":{"footnotes":""},"class_list":["post-14026","page","type-page","status-publish","hentry"],"_links":{"self":[{"href":"https:\/\/gs-railservice.de\/en\/wp-json\/wp\/v2\/pages\/14026","targetHints":{"allow":["GET"]}}],"collection":[{"href":"https:\/\/gs-railservice.de\/en\/wp-json\/wp\/v2\/pages"}],"about":[{"href":"https:\/\/gs-railservice.de\/en\/wp-json\/wp\/v2\/types\/page"}],"author":[{"embeddable":true,"href":"https:\/\/gs-railservice.de\/en\/wp-json\/wp\/v2\/users\/1"}],"replies":[{"embeddable":true,"href":"https:\/\/gs-railservice.de\/en\/wp-json\/wp\/v2\/comments?post=14026"}],"version-history":[{"count":3,"href":"https:\/\/gs-railservice.de\/en\/wp-json\/wp\/v2\/pages\/14026\/revisions"}],"predecessor-version":[{"id":14467,"href":"https:\/\/gs-railservice.de\/en\/wp-json\/wp\/v2\/pages\/14026\/revisions\/14467"}],"wp:attachment":[{"href":"https:\/\/gs-railservice.de\/en\/wp-json\/wp\/v2\/media?parent=14026"}],"curies":[{"name":"wp","href":"https:\/\/api.w.org\/{rel}","templated":true}]}}